{"id":120,"date":"2022-12-09T20:38:37","date_gmt":"2022-12-09T19:38:37","guid":{"rendered":"https:\/\/antoniaderendinger.com\/?page_id=120"},"modified":"2023-10-18T18:41:34","modified_gmt":"2023-10-18T16:41:34","slug":"biographie-antonia","status":"publish","type":"page","link":"https:\/\/antoniaderendinger.com\/index.php\/biographie-antonia\/","title":{"rendered":"Bio Antonia"},"content":{"rendered":"\t\t<div data-elementor-type=\"wp-page\" data-elementor-id=\"120\" class=\"elementor elementor-120\">\n\t\t\t\t\t\t<section class=\"elementor-section elementor-top-section elementor-element elementor-element-277f52d elementor-section-full_width elementor-section-height-default elementor-section-height-default\" data-id=\"277f52d\" data-element_type=\"section\" data-e-type=\"section\">\n\t\t\t\t\t\t<div class=\"elementor-container elementor-column-gap-no\">\n\t\t\t\t\t<div class=\"elementor-column elementor-col-100 elementor-top-column elementor-element elementor-element-8f607ef\" data-id=\"8f607ef\" data-element_type=\"column\" data-e-type=\"column\">\n\t\t\t<div class=\"elementor-widget-wrap elementor-element-populated\">\n\t\t\t\t\t\t<div class=\"elementor-element elementor-element-4421dd2 elementor-widget elementor-widget-ucaddon_transparent_split_hero\" data-id=\"4421dd2\" data-element_type=\"widget\" data-e-type=\"widget\" data-widget_type=\"ucaddon_transparent_split_hero.default\">\n\t\t\t\t<div class=\"elementor-widget-container\">\n\t\t\t\t\t\n<!-- start Transparent Split Hero -->\n\t\t<link id='uc_ac_assets_file_uc_photography_header_css_0-css' href='https:\/\/antoniaderendinger.com\/wp-content\/uploads\/ac_assets\/uc_photography_header\/uc_photography_header.css' type='text\/css' rel='stylesheet' >\n\n<style>\/* widget: Transparent Split Hero *\/\n\n.uc_photography_header *{\n\tmargin:0;\n\tpadding:0;\n\t-webkit-box-sizing: border-box;\n\t-moz-box-sizing: border-box;\n\tbox-sizing: border-box;\n\t\n}\n#uc_transparent_split_hero_elementor_4421dd2\n{\n\tposition:relative;\n\twidth:100%;\n    background-position:center;\n    background-size:cover;\n    background-image:url(https:\/\/antoniaderendinger.com\/wp-content\/uploads\/2022\/11\/Antonia-MoiJeu-146-scaled.jpg);\n    display:flex;\n    overflow:hidden;\n    \n}\n\n#uc_transparent_split_hero_elementor_4421dd2 > div\n{\n  height:100%;\n  display:flex;\n    align-items:center;\n}\n\n.uc_photography_header .uc_container_text_box{ \n  text-align:left;\n}\n\n.uc_photography_header .uc_subtitle\n{\n  font-size:42px;\n}\n\n.uc_photography_header .uc_container_text_box a{\n\tborder-style:solid;\n\tdisplay:inline-block;\n}\n\n<\/style>\n\n<div class=\"uc_photography_header\" id=\"uc_transparent_split_hero_elementor_4421dd2\">    \t      \n  <div class=\"uc_container_text_box\">  \n  <div>\n        <h1 class=\"uc_title\">Antonia de Rendinger<\/h1>\n        <div class=\"uc_subtitle\">Sa vie, son oeuvre<\/div>\n        <div class=\"uc_text\">Quand elle n\u2019est pas aux conseils de classe ou au gala de flamenco de ses filles, a\u0300 l\u2019e\u0301picerie locavore, Antonia avale des kilome\u0300tres pour jouer ses spectacles entre l'Alsace o\u00f9 elle r\u00e9side et les r\u00e9gions franc\u0327aises ou les pays francophones, r\u00e9aliser des doublages, participer \u00e0 des \u00e9missions ou encore des tournages. Un planning bien charg\u00e9 !<\/div>\n        <a class=\"uc_btn\" href=\"https:\/\/antoniaderendinger.com\/wp-content\/uploads\/2023\/10\/Dossier-de-presentation-SDCE.pdf\"  target='_blank'>Dossier presse<\/a>\n    <\/div>\n  <\/div>\n<\/div>\n<!-- end Transparent Split Hero -->\t\t\t\t<\/div>\n\t\t\t\t<\/div>\n\t\t\t\t\t<\/div>\n\t\t<\/div>\n\t\t\t\t\t<\/div>\n\t\t<\/section>\n\t\t\t\t<section class=\"elementor-section elementor-top-section elementor-element elementor-element-1a11356e elementor-section-full_width elementor-section-height-default elementor-section-height-default\" data-id=\"1a11356e\" data-element_type=\"section\" data-e-type=\"section\" data-settings=\"{&quot;background_background&quot;:&quot;classic&quot;}\">\n\t\t\t\t\t\t\t<div class=\"elementor-background-overlay\"><\/div>\n\t\t\t\t\t\t\t<div class=\"elementor-container elementor-column-gap-no\">\n\t\t\t\t\t<div class=\"elementor-column elementor-col-100 elementor-top-column elementor-element elementor-element-3b23f066\" data-id=\"3b23f066\" data-element_type=\"column\" data-e-type=\"column\" data-settings=\"{&quot;background_background&quot;:&quot;gradient&quot;}\">\n\t\t\t<div class=\"elementor-widget-wrap elementor-element-populated\">\n\t\t\t\t\t\t<div class=\"elementor-element elementor-element-74df94c6 elementor-widget elementor-widget-heading\" data-id=\"74df94c6\" data-element_type=\"widget\" data-e-type=\"widget\" data-widget_type=\"heading.default\">\n\t\t\t\t<div class=\"elementor-widget-container\">\n\t\t\t\t\t<h2 class=\"elementor-heading-title elementor-size-default\">Spectacles<\/h2>\t\t\t\t<\/div>\n\t\t\t\t<\/div>\n\t\t\t\t<div class=\"elementor-element elementor-element-65379a37 elementor-widget__width-initial elementor-widget-tablet__width-initial elementor-widget-mobile__width-inherit elementor-position-top elementor-widget elementor-widget-image-box\" data-id=\"65379a37\" data-element_type=\"widget\" data-e-type=\"widget\" data-widget_type=\"image-box.default\">\n\t\t\t\t<div class=\"elementor-widget-container\">\n\t\t\t\t\t<div class=\"elementor-image-box-wrapper\"><figure class=\"elementor-image-box-img\"><img fetchpriority=\"high\" decoding=\"async\" width=\"1706\" height=\"2560\" src=\"https:\/\/antoniaderendinger.com\/wp-content\/uploads\/2022\/12\/40x60-ANTONIA-SDCED-Tournee-scaled.jpg\" class=\"attachment-full size-full wp-image-820\" alt=\"\" srcset=\"https:\/\/antoniaderendinger.com\/wp-content\/uploads\/2022\/12\/40x60-ANTONIA-SDCED-Tournee-scaled.jpg 1706w, https:\/\/antoniaderendinger.com\/wp-content\/uploads\/2022\/12\/40x60-ANTONIA-SDCED-Tournee-200x300.jpg 200w, https:\/\/antoniaderendinger.com\/wp-content\/uploads\/2022\/12\/40x60-ANTONIA-SDCED-Tournee-682x1024.jpg 682w, https:\/\/antoniaderendinger.com\/wp-content\/uploads\/2022\/12\/40x60-ANTONIA-SDCED-Tournee-768x1152.jpg 768w, https:\/\/antoniaderendinger.com\/wp-content\/uploads\/2022\/12\/40x60-ANTONIA-SDCED-Tournee-1024x1536.jpg 1024w, https:\/\/antoniaderendinger.com\/wp-content\/uploads\/2022\/12\/40x60-ANTONIA-SDCED-Tournee-1365x2048.jpg 1365w\" sizes=\"(max-width: 1706px) 100vw, 1706px\" \/><\/figure><div class=\"elementor-image-box-content\"><h4 class=\"elementor-image-box-title\">SC\u00c8NES DE CORPS ET D'ESPRIT<\/h4><p class=\"elementor-image-box-description\">2021 \u00e0 aujourd'hui<\/p><\/div><\/div>\t\t\t\t<\/div>\n\t\t\t\t<\/div>\n\t\t\t\t<div class=\"elementor-element elementor-element-1d4104a7 elementor-widget__width-initial elementor-widget-tablet__width-initial elementor-widget-mobile__width-inherit elementor-position-top elementor-widget elementor-widget-image-box\" data-id=\"1d4104a7\" data-element_type=\"widget\" data-e-type=\"widget\" data-widget_type=\"image-box.default\">\n\t\t\t\t<div class=\"elementor-widget-container\">\n\t\t\t\t\t<div class=\"elementor-image-box-wrapper\"><figure class=\"elementor-image-box-img\"><img decoding=\"async\" width=\"1706\" height=\"2560\" src=\"https:\/\/antoniaderendinger.com\/wp-content\/uploads\/2023\/06\/Beige-Abstract-Business-Invoice-2.png\" class=\"attachment-full size-full wp-image-1994\" alt=\"\" srcset=\"https:\/\/antoniaderendinger.com\/wp-content\/uploads\/2023\/06\/Beige-Abstract-Business-Invoice-2.png 1706w, https:\/\/antoniaderendinger.com\/wp-content\/uploads\/2023\/06\/Beige-Abstract-Business-Invoice-2-200x300.png 200w, https:\/\/antoniaderendinger.com\/wp-content\/uploads\/2023\/06\/Beige-Abstract-Business-Invoice-2-682x1024.png 682w, https:\/\/antoniaderendinger.com\/wp-content\/uploads\/2023\/06\/Beige-Abstract-Business-Invoice-2-768x1152.png 768w, https:\/\/antoniaderendinger.com\/wp-content\/uploads\/2023\/06\/Beige-Abstract-Business-Invoice-2-1024x1536.png 1024w, https:\/\/antoniaderendinger.com\/wp-content\/uploads\/2023\/06\/Beige-Abstract-Business-Invoice-2-1365x2048.png 1365w\" sizes=\"(max-width: 1706px) 100vw, 1706px\" \/><\/figure><div class=\"elementor-image-box-content\"><h4 class=\"elementor-image-box-title\">MOI JEU <\/h4><p class=\"elementor-image-box-description\">\n2015 \u00e0 aujourd'hui\u200b (parce que l'on aimerait encore le jouer !)<\/p><\/div><\/div>\t\t\t\t<\/div>\n\t\t\t\t<\/div>\n\t\t\t\t<div class=\"elementor-element elementor-element-31c2d319 elementor-widget__width-initial elementor-widget-tablet__width-initial elementor-widget-mobile__width-inherit elementor-position-top elementor-widget elementor-widget-image-box\" data-id=\"31c2d319\" data-element_type=\"widget\" data-e-type=\"widget\" data-widget_type=\"image-box.default\">\n\t\t\t\t<div class=\"elementor-widget-container\">\n\t\t\t\t\t<div class=\"elementor-image-box-wrapper\"><figure class=\"elementor-image-box-img\"><img decoding=\"async\" width=\"1706\" height=\"2560\" src=\"https:\/\/antoniaderendinger.com\/wp-content\/uploads\/2023\/06\/Beige-Abstract-Business-Invoice-1.png\" class=\"attachment-full size-full wp-image-1990\" alt=\"\" srcset=\"https:\/\/antoniaderendinger.com\/wp-content\/uploads\/2023\/06\/Beige-Abstract-Business-Invoice-1.png 1706w, https:\/\/antoniaderendinger.com\/wp-content\/uploads\/2023\/06\/Beige-Abstract-Business-Invoice-1-200x300.png 200w, https:\/\/antoniaderendinger.com\/wp-content\/uploads\/2023\/06\/Beige-Abstract-Business-Invoice-1-682x1024.png 682w, https:\/\/antoniaderendinger.com\/wp-content\/uploads\/2023\/06\/Beige-Abstract-Business-Invoice-1-768x1152.png 768w, https:\/\/antoniaderendinger.com\/wp-content\/uploads\/2023\/06\/Beige-Abstract-Business-Invoice-1-1024x1536.png 1024w, https:\/\/antoniaderendinger.com\/wp-content\/uploads\/2023\/06\/Beige-Abstract-Business-Invoice-1-1365x2048.png 1365w\" sizes=\"(max-width: 1706px) 100vw, 1706px\" \/><\/figure><div class=\"elementor-image-box-content\"><h4 class=\"elementor-image-box-title\">TRAVAIL, FAMILLE, POTERIE<\/h4><p class=\"elementor-image-box-description\">2008 \u00e0 2015\u200b<\/p><\/div><\/div>\t\t\t\t<\/div>\n\t\t\t\t<\/div>\n\t\t\t\t<div class=\"elementor-element elementor-element-3393166c elementor-widget__width-initial elementor-widget-tablet__width-initial elementor-widget-mobile__width-inherit elementor-position-top elementor-widget elementor-widget-image-box\" data-id=\"3393166c\" data-element_type=\"widget\" data-e-type=\"widget\" data-widget_type=\"image-box.default\">\n\t\t\t\t<div class=\"elementor-widget-container\">\n\t\t\t\t\t<div class=\"elementor-image-box-wrapper\"><figure class=\"elementor-image-box-img\"><img loading=\"lazy\" decoding=\"async\" width=\"1706\" height=\"2560\" src=\"https:\/\/antoniaderendinger.com\/wp-content\/uploads\/2023\/06\/Beige-Abstract-Business-Invoice.png\" class=\"attachment-full size-full wp-image-1989\" alt=\"\" srcset=\"https:\/\/antoniaderendinger.com\/wp-content\/uploads\/2023\/06\/Beige-Abstract-Business-Invoice.png 1706w, https:\/\/antoniaderendinger.com\/wp-content\/uploads\/2023\/06\/Beige-Abstract-Business-Invoice-200x300.png 200w, https:\/\/antoniaderendinger.com\/wp-content\/uploads\/2023\/06\/Beige-Abstract-Business-Invoice-682x1024.png 682w, https:\/\/antoniaderendinger.com\/wp-content\/uploads\/2023\/06\/Beige-Abstract-Business-Invoice-768x1152.png 768w, https:\/\/antoniaderendinger.com\/wp-content\/uploads\/2023\/06\/Beige-Abstract-Business-Invoice-1024x1536.png 1024w, https:\/\/antoniaderendinger.com\/wp-content\/uploads\/2023\/06\/Beige-Abstract-Business-Invoice-1365x2048.png 1365w\" sizes=\"(max-width: 1706px) 100vw, 1706px\" \/><\/figure><div class=\"elementor-image-box-content\"><h4 class=\"elementor-image-box-title\">ITIN\u00c9RAIRES D'UNE ENFANT RAT\u00c9E<\/h4><p class=\"elementor-image-box-description\">2003 \u00e0 2008\u200b<\/p><\/div><\/div>\t\t\t\t<\/div>\n\t\t\t\t<\/div>\n\t\t\t\t\t<\/div>\n\t\t<\/div>\n\t\t\t\t\t<\/div>\n\t\t<\/section>\n\t\t\t\t<section class=\"elementor-section elementor-top-section elementor-element elementor-element-2a1c47b elementor-section-boxed elementor-section-height-default elementor-section-height-default\" data-id=\"2a1c47b\" data-element_type=\"section\" data-e-type=\"section\">\n\t\t\t\t\t\t<div class=\"elementor-container elementor-column-gap-default\">\n\t\t\t\t\t<div class=\"elementor-column elementor-col-100 elementor-top-column elementor-element elementor-element-f88c727\" data-id=\"f88c727\" data-element_type=\"column\" data-e-type=\"column\">\n\t\t\t<div class=\"elementor-widget-wrap elementor-element-populated\">\n\t\t\t\t\t\t<div class=\"elementor-element elementor-element-92a10c2 elementor-widget elementor-widget-ucaddon_ue_scroll_to_top\" data-id=\"92a10c2\" data-element_type=\"widget\" data-e-type=\"widget\" data-widget_type=\"ucaddon_ue_scroll_to_top.default\">\n\t\t\t\t<div class=\"elementor-widget-container\">\n\t\t\t\t\t\n<!-- start Scroll To Top -->\n<style>\/* widget: Scroll To Top *\/\n\n#uc_ue_scroll_to_top_elementor_92a10c2.ue-scroll-to {\n    display: flex;\n   z-index: auto;\n  \n}\n#uc_ue_scroll_to_top_elementor_92a10c2 .ue-scroll-to-cta {\n  cursor: pointer;\n  display: flex;\n  position: relative;\n  transition: all 400ms ease-in-out;\n  align-content:center;\n  justify-content:center;\n  flex-direction:column;\n  text-align:center;\n}\n#uc_ue_scroll_to_top_elementor_92a10c2 .ue-scroll-to-cta .ue-scroll-to-icon {\n  line-height:1em;\n  margin:0 auto;\n}\n\n#uc_ue_scroll_to_top_elementor_92a10c2 .ue-scroll-to-cta .ue-scroll-to-icon svg {\n  height:1em; \n  width:1em; \n}\n\n.ue-scroll-to-cta \n#uc_ue_scroll_to_top_elementor_92a10c2 .ue-scroll-to-icon {\n  position: relative;\n}\n\n#uc_ue_scroll_to_top_elementor_92a10c2 .ue-scroll-to-icon:hover {\n  cursor: pointer;\n}\n.ue-snap-v-middle{\n  top:50%;\n}\n.ue-scroll-to-text\n{\n  font-size:10px;\n}\n\n\t\n\t\t\n\t\n\t\n\t\n\t\n\t\n\t\n\n<\/style>\n\n<div id=\"uc_ue_scroll_to_top_elementor_92a10c2\" class=\"ue-scroll-to ue-snap-v-bottom ue-snap-h-right\">\n      <div class=\"ue-scroll-to-cta none\">\n          <div class=\"ue-scroll-to-icon\"><i class='fas fa-arrow-up'><\/i><\/div>\n          \t\n      <\/div>\n<\/div>\n<!-- end Scroll To Top -->\t\t\t\t<\/div>\n\t\t\t\t<\/div>\n\t\t\t\t\t<\/div>\n\t\t<\/div>\n\t\t\t\t\t<\/div>\n\t\t<\/section>\n\t\t\t\t<\/div>\n\t\t","protected":false},"excerpt":{"rendered":"<p>Antonia de Rendinger Sa vie, son oeuvre Quand elle n\u2019est pas aux conseils de classe ou au gala de flamenco de ses filles, a\u0300 l\u2019e\u0301picerie locavore, Antonia avale des kilome\u0300tres pour jouer ses spectacles entre l&rsquo;Alsace o\u00f9 elle r\u00e9side et les r\u00e9gions franc\u0327aises ou les pays francophones, r\u00e9aliser des doublages, participer \u00e0 des \u00e9missions ou [&hellip;]<\/p>\n","protected":false},"author":6,"featured_media":0,"parent":0,"menu_order":0,"comment_status":"closed","ping_status":"closed","template":"","meta":{"site-sidebar-layout":"no-sidebar","site-content-layout":"page-builder","ast-site-content-layout":"full-width-container","site-content-style":"unboxed","site-sidebar-style":"unboxed","ast-global-header-display":"","ast-banner-title-visibility":"","ast-main-header-display":"","ast-hfb-above-header-display":"","ast-hfb-below-header-display":"","ast-hfb-mobile-header-display":"","site-post-title":"disabled","ast-breadcrumbs-content":"","ast-featured-img":"disabled","footer-sml-layout":"","ast-disable-related-posts":"","theme-transparent-header-meta":"","adv-header-id-meta":"","stick-header-meta":"","header-above-stick-meta":"","header-main-stick-meta":"","header-below-stick-meta":"","astra-migrate-meta-layouts":"set","ast-page-background-enabled":"default","ast-page-background-meta":{"desktop":{"background-color":"var(--ast-global-color-4)","background-image":"","background-repeat":"repeat","background-position":"center center","background-size":"auto","background-attachment":"scroll","background-type":"","background-media":"","overlay-type":"","overlay-color":"","overlay-opacity":"","overlay-gradient":""},"tablet":{"background-color":"","background-image":"","background-repeat":"repeat","background-position":"center center","background-size":"auto","background-attachment":"scroll","background-type":"","background-media":"","overlay-type":"","overlay-color":"","overlay-opacity":"","overlay-gradient":""},"mobile":{"background-color":"","background-image":"","background-repeat":"repeat","background-position":"center center","background-size":"auto","background-attachment":"scroll","background-type":"","background-media":"","overlay-type":"","overlay-color":"","overlay-opacity":"","overlay-gradient":""}},"ast-content-background-meta":{"desktop":{"background-color":"var(--ast-global-color-5)","background-image":"","background-repeat":"repeat","background-position":"center center","background-size":"auto","background-attachment":"scroll","background-type":"","background-media":"","overlay-type":"","overlay-color":"","overlay-opacity":"","overlay-gradient":""},"tablet":{"background-color":"var(--ast-global-color-5)","background-image":"","background-repeat":"repeat","background-position":"center center","background-size":"auto","background-attachment":"scroll","background-type":"","background-media":"","overlay-type":"","overlay-color":"","overlay-opacity":"","overlay-gradient":""},"mobile":{"background-color":"var(--ast-global-color-5)","background-image":"","background-repeat":"repeat","background-position":"center center","background-size":"auto","background-attachment":"scroll","background-type":"","background-media":"","overlay-type":"","overlay-color":"","overlay-opacity":"","overlay-gradient":""}},"footnotes":""},"class_list":["post-120","page","type-page","status-publish","hentry"],"yoast_head":"<!-- This site is optimized with the Yoast SEO plugin v27.4 - https:\/\/yoast.com\/product\/yoast-seo-wordpress\/ -->\n<title>Biographie | Antonia De Rendinger<\/title>\n<meta name=\"description\" content=\"D\u00e9couvrez la vie d&#039;Antonia et son incroyable parcours. Plongez dans l&#039;univers de cette humoriste talentueuse.\" \/>\n<meta name=\"robots\" content=\"index, follow, max-snippet:-1, max-image-preview:large, max-video-preview:-1\" \/>\n<link rel=\"canonical\" href=\"https:\/\/antoniaderendinger.com\/index.php\/biographie-antonia\/\" \/>\n<meta property=\"og:locale\" content=\"fr_FR\" \/>\n<meta property=\"og:type\" content=\"article\" \/>\n<meta property=\"og:title\" content=\"Biographie | Antonia De Rendinger\" \/>\n<meta property=\"og:description\" content=\"D\u00e9couvrez la vie d&#039;Antonia et son incroyable parcours. Plongez dans l&#039;univers de cette humoriste talentueuse.\" \/>\n<meta property=\"og:url\" content=\"https:\/\/antoniaderendinger.com\/index.php\/biographie-antonia\/\" \/>\n<meta property=\"og:site_name\" content=\"Antonia De Rendinger\" \/>\n<meta property=\"article:modified_time\" content=\"2023-10-18T16:41:34+00:00\" \/>\n<meta property=\"og:image\" content=\"https:\/\/antoniaderendinger.com\/wp-content\/uploads\/2022\/12\/40x60-ANTONIA-SDCED-Tournee-scaled.jpg\" \/>\n<meta name=\"twitter:card\" content=\"summary_large_image\" \/>\n<meta name=\"twitter:label1\" content=\"Dur\u00e9e de lecture estim\u00e9e\" \/>\n\t<meta name=\"twitter:data1\" content=\"2 minutes\" \/>\n<script type=\"application\/ld+json\" class=\"yoast-schema-graph\">{\"@context\":\"https:\\\/\\\/schema.org\",\"@graph\":[{\"@type\":\"WebPage\",\"@id\":\"https:\\\/\\\/antoniaderendinger.com\\\/index.php\\\/biographie-antonia\\\/\",\"url\":\"https:\\\/\\\/antoniaderendinger.com\\\/index.php\\\/biographie-antonia\\\/\",\"name\":\"Biographie | Antonia De Rendinger\",\"isPartOf\":{\"@id\":\"https:\\\/\\\/antoniaderendinger.com\\\/#website\"},\"primaryImageOfPage\":{\"@id\":\"https:\\\/\\\/antoniaderendinger.com\\\/index.php\\\/biographie-antonia\\\/#primaryimage\"},\"image\":{\"@id\":\"https:\\\/\\\/antoniaderendinger.com\\\/index.php\\\/biographie-antonia\\\/#primaryimage\"},\"thumbnailUrl\":\"https:\\\/\\\/antoniaderendinger.com\\\/wp-content\\\/uploads\\\/2022\\\/12\\\/40x60-ANTONIA-SDCED-Tournee-scaled.jpg\",\"datePublished\":\"2022-12-09T19:38:37+00:00\",\"dateModified\":\"2023-10-18T16:41:34+00:00\",\"description\":\"D\u00e9couvrez la vie d'Antonia et son incroyable parcours. Plongez dans l'univers de cette humoriste talentueuse.\",\"breadcrumb\":{\"@id\":\"https:\\\/\\\/antoniaderendinger.com\\\/index.php\\\/biographie-antonia\\\/#breadcrumb\"},\"inLanguage\":\"fr-FR\",\"potentialAction\":[{\"@type\":\"ReadAction\",\"target\":[\"https:\\\/\\\/antoniaderendinger.com\\\/index.php\\\/biographie-antonia\\\/\"]}]},{\"@type\":\"ImageObject\",\"inLanguage\":\"fr-FR\",\"@id\":\"https:\\\/\\\/antoniaderendinger.com\\\/index.php\\\/biographie-antonia\\\/#primaryimage\",\"url\":\"https:\\\/\\\/antoniaderendinger.com\\\/wp-content\\\/uploads\\\/2022\\\/12\\\/40x60-ANTONIA-SDCED-Tournee-scaled.jpg\",\"contentUrl\":\"https:\\\/\\\/antoniaderendinger.com\\\/wp-content\\\/uploads\\\/2022\\\/12\\\/40x60-ANTONIA-SDCED-Tournee-scaled.jpg\",\"width\":1706,\"height\":2560},{\"@type\":\"BreadcrumbList\",\"@id\":\"https:\\\/\\\/antoniaderendinger.com\\\/index.php\\\/biographie-antonia\\\/#breadcrumb\",\"itemListElement\":[{\"@type\":\"ListItem\",\"position\":1,\"name\":\"Accueil\",\"item\":\"https:\\\/\\\/antoniaderendinger.com\\\/\"},{\"@type\":\"ListItem\",\"position\":2,\"name\":\"Bio Antonia\"}]},{\"@type\":\"WebSite\",\"@id\":\"https:\\\/\\\/antoniaderendinger.com\\\/#website\",\"url\":\"https:\\\/\\\/antoniaderendinger.com\\\/\",\"name\":\"Antonia De Rendinger\",\"description\":\"\",\"publisher\":{\"@id\":\"https:\\\/\\\/antoniaderendinger.com\\\/#organization\"},\"potentialAction\":[{\"@type\":\"SearchAction\",\"target\":{\"@type\":\"EntryPoint\",\"urlTemplate\":\"https:\\\/\\\/antoniaderendinger.com\\\/?s={search_term_string}\"},\"query-input\":{\"@type\":\"PropertyValueSpecification\",\"valueRequired\":true,\"valueName\":\"search_term_string\"}}],\"inLanguage\":\"fr-FR\"},{\"@type\":\"Organization\",\"@id\":\"https:\\\/\\\/antoniaderendinger.com\\\/#organization\",\"name\":\"Antonia De Rendinger\",\"url\":\"https:\\\/\\\/antoniaderendinger.com\\\/\",\"logo\":{\"@type\":\"ImageObject\",\"inLanguage\":\"fr-FR\",\"@id\":\"https:\\\/\\\/antoniaderendinger.com\\\/#\\\/schema\\\/logo\\\/image\\\/\",\"url\":\"https:\\\/\\\/antoniaderendinger.com\\\/wp-content\\\/uploads\\\/2023\\\/07\\\/logo-client-ma-vision-web-2.png\",\"contentUrl\":\"https:\\\/\\\/antoniaderendinger.com\\\/wp-content\\\/uploads\\\/2023\\\/07\\\/logo-client-ma-vision-web-2.png\",\"width\":1080,\"height\":1080,\"caption\":\"Antonia De Rendinger\"},\"image\":{\"@id\":\"https:\\\/\\\/antoniaderendinger.com\\\/#\\\/schema\\\/logo\\\/image\\\/\"}}]}<\/script>\n<!-- \/ Yoast SEO plugin. -->","yoast_head_json":{"title":"Biographie | Antonia De Rendinger","description":"D\u00e9couvrez la vie d'Antonia et son incroyable parcours. Plongez dans l'univers de cette humoriste talentueuse.","robots":{"index":"index","follow":"follow","max-snippet":"max-snippet:-1","max-image-preview":"max-image-preview:large","max-video-preview":"max-video-preview:-1"},"canonical":"https:\/\/antoniaderendinger.com\/index.php\/biographie-antonia\/","og_locale":"fr_FR","og_type":"article","og_title":"Biographie | Antonia De Rendinger","og_description":"D\u00e9couvrez la vie d'Antonia et son incroyable parcours. Plongez dans l'univers de cette humoriste talentueuse.","og_url":"https:\/\/antoniaderendinger.com\/index.php\/biographie-antonia\/","og_site_name":"Antonia De Rendinger","article_modified_time":"2023-10-18T16:41:34+00:00","og_image":[{"url":"https:\/\/antoniaderendinger.com\/wp-content\/uploads\/2022\/12\/40x60-ANTONIA-SDCED-Tournee-scaled.jpg","type":"","width":"","height":""}],"twitter_card":"summary_large_image","twitter_misc":{"Dur\u00e9e de lecture estim\u00e9e":"2 minutes"},"schema":{"@context":"https:\/\/schema.org","@graph":[{"@type":"WebPage","@id":"https:\/\/antoniaderendinger.com\/index.php\/biographie-antonia\/","url":"https:\/\/antoniaderendinger.com\/index.php\/biographie-antonia\/","name":"Biographie | Antonia De Rendinger","isPartOf":{"@id":"https:\/\/antoniaderendinger.com\/#website"},"primaryImageOfPage":{"@id":"https:\/\/antoniaderendinger.com\/index.php\/biographie-antonia\/#primaryimage"},"image":{"@id":"https:\/\/antoniaderendinger.com\/index.php\/biographie-antonia\/#primaryimage"},"thumbnailUrl":"https:\/\/antoniaderendinger.com\/wp-content\/uploads\/2022\/12\/40x60-ANTONIA-SDCED-Tournee-scaled.jpg","datePublished":"2022-12-09T19:38:37+00:00","dateModified":"2023-10-18T16:41:34+00:00","description":"D\u00e9couvrez la vie d'Antonia et son incroyable parcours. Plongez dans l'univers de cette humoriste talentueuse.","breadcrumb":{"@id":"https:\/\/antoniaderendinger.com\/index.php\/biographie-antonia\/#breadcrumb"},"inLanguage":"fr-FR","potentialAction":[{"@type":"ReadAction","target":["https:\/\/antoniaderendinger.com\/index.php\/biographie-antonia\/"]}]},{"@type":"ImageObject","inLanguage":"fr-FR","@id":"https:\/\/antoniaderendinger.com\/index.php\/biographie-antonia\/#primaryimage","url":"https:\/\/antoniaderendinger.com\/wp-content\/uploads\/2022\/12\/40x60-ANTONIA-SDCED-Tournee-scaled.jpg","contentUrl":"https:\/\/antoniaderendinger.com\/wp-content\/uploads\/2022\/12\/40x60-ANTONIA-SDCED-Tournee-scaled.jpg","width":1706,"height":2560},{"@type":"BreadcrumbList","@id":"https:\/\/antoniaderendinger.com\/index.php\/biographie-antonia\/#breadcrumb","itemListElement":[{"@type":"ListItem","position":1,"name":"Accueil","item":"https:\/\/antoniaderendinger.com\/"},{"@type":"ListItem","position":2,"name":"Bio Antonia"}]},{"@type":"WebSite","@id":"https:\/\/antoniaderendinger.com\/#website","url":"https:\/\/antoniaderendinger.com\/","name":"Antonia De Rendinger","description":"","publisher":{"@id":"https:\/\/antoniaderendinger.com\/#organization"},"potentialAction":[{"@type":"SearchAction","target":{"@type":"EntryPoint","urlTemplate":"https:\/\/antoniaderendinger.com\/?s={search_term_string}"},"query-input":{"@type":"PropertyValueSpecification","valueRequired":true,"valueName":"search_term_string"}}],"inLanguage":"fr-FR"},{"@type":"Organization","@id":"https:\/\/antoniaderendinger.com\/#organization","name":"Antonia De Rendinger","url":"https:\/\/antoniaderendinger.com\/","logo":{"@type":"ImageObject","inLanguage":"fr-FR","@id":"https:\/\/antoniaderendinger.com\/#\/schema\/logo\/image\/","url":"https:\/\/antoniaderendinger.com\/wp-content\/uploads\/2023\/07\/logo-client-ma-vision-web-2.png","contentUrl":"https:\/\/antoniaderendinger.com\/wp-content\/uploads\/2023\/07\/logo-client-ma-vision-web-2.png","width":1080,"height":1080,"caption":"Antonia De Rendinger"},"image":{"@id":"https:\/\/antoniaderendinger.com\/#\/schema\/logo\/image\/"}}]}},"_links":{"self":[{"href":"https:\/\/antoniaderendinger.com\/index.php\/wp-json\/wp\/v2\/pages\/120","targetHints":{"allow":["GET"]}}],"collection":[{"href":"https:\/\/antoniaderendinger.com\/index.php\/wp-json\/wp\/v2\/pages"}],"about":[{"href":"https:\/\/antoniaderendinger.com\/index.php\/wp-json\/wp\/v2\/types\/page"}],"author":[{"embeddable":true,"href":"https:\/\/antoniaderendinger.com\/index.php\/wp-json\/wp\/v2\/users\/6"}],"replies":[{"embeddable":true,"href":"https:\/\/antoniaderendinger.com\/index.php\/wp-json\/wp\/v2\/comments?post=120"}],"version-history":[{"count":350,"href":"https:\/\/antoniaderendinger.com\/index.php\/wp-json\/wp\/v2\/pages\/120\/revisions"}],"predecessor-version":[{"id":3402,"href":"https:\/\/antoniaderendinger.com\/index.php\/wp-json\/wp\/v2\/pages\/120\/revisions\/3402"}],"wp:attachment":[{"href":"https:\/\/antoniaderendinger.com\/index.php\/wp-json\/wp\/v2\/media?parent=120"}],"curies":[{"name":"wp","href":"https:\/\/api.w.org\/{rel}","templated":true}]}}